{"id":3812,"date":"2020-05-29T13:45:03","date_gmt":"2020-05-29T11:45:03","guid":{"rendered":"https:\/\/neu.guaccis.ch\/?page_id=3812"},"modified":"2020-05-29T15:03:24","modified_gmt":"2020-05-29T13:03:24","slug":"spass-fun","status":"publish","type":"page","link":"https:\/\/neu.guaccis.ch\/index.php\/spass-fun\/","title":{"rendered":"Spass &#038; Fun"},"content":{"rendered":"\n<div class=\"wp-block-columns is-layout-flex wp-container-core-columns-is-layout-1 wp-block-columns-is-layout-flex\">\n<div class=\"wp-block-column is-layout-flow wp-block-column-is-layout-flow\">\n<p style=\"background-color:#ffe045\" class=\"has-background has-text-align-justify\"><strong>Was haben Blondinen und eine Bierflasche gemeinsam?<br><br>Beide sind am Hals aufw\u00e4rts leer<\/strong><\/p>\n<\/div>\n\n\n\n<div class=\"wp-block-column is-layout-flow wp-block-column-is-layout-flow\">\n<p style=\"background-color:#ccccff\" class=\"has-background has-text-align-justify\"><strong>Ich h\u00e4tte lieber Alzheimer als Parkinson. Lieber vergesse ich doch, ein paar Bier zu zahlen, als da\u00df ich eines davon versch\u00fctte\u2026<\/strong><\/p>\n<\/div>\n\n\n\n<div class=\"wp-block-column is-layout-flow wp-block-column-is-layout-flow\">\n<p style=\"background-color:#ffe045\" class=\"has-background has-text-align-justify\"><strong>Das neue Windows 95 kann einfach alles, dank 32 Bit. Wenn ich 32 Bit getrunken habe, glaube ich auch immer, da\u00df ich alles kann.&#8220;<\/strong><\/p>\n<\/div>\n<\/div>\n\n\n\n<hr class=\"wp-block-separator has-text-color has-background has-black-background-color has-black-color is-style-wide\"\/>\n\n\n\n<div class=\"wp-block-image\"><figure class=\"aligncenter size-large\"><img loading=\"lazy\" decoding=\"async\" width=\"629\" height=\"120\" src=\"https:\/\/neu.guaccis.ch\/wp-content\/uploads\/2020\/05\/biermaeuse.gif\" alt=\"\" class=\"wp-image-3819\"\/><\/figure><\/div>\n\n\n\n<hr class=\"wp-block-separator has-text-color has-background has-black-background-color has-black-color is-style-wide\"\/>\n\n\n\n<div class=\"wp-block-columns is-layout-flex wp-container-core-columns-is-layout-2 wp-block-columns-is-layout-flex\">\n<div class=\"wp-block-column is-layout-flow wp-block-column-is-layout-flow\">\n<p style=\"background-color:#ccccff\" class=\"has-background has-text-align-justify\"><strong>Der Wirt bittet den Gast endlich zu gehen, \u00f6ffnet ihm die T\u00fcre zur Stra\u00dfe. Gast: Mein Gott was stinkt hier so? Wirt: Das stinkt nicht, das ist Frischluft<\/strong><\/p>\n\n\n\n<div class=\"wp-block-image\"><figure class=\"aligncenter size-large\"><img loading=\"lazy\" decoding=\"async\" width=\"304\" height=\"378\" src=\"https:\/\/neu.guaccis.ch\/wp-content\/uploads\/2020\/05\/12.gif\" alt=\"\" class=\"wp-image-3840\"\/><\/figure><\/div>\n\n\n\n<p style=\"background-color:#ffe045\" class=\"has-background has-text-align-justify\"><strong>Nachrichten: &#8222;Lagerarbeiter BSM Sigi Seidel wollte sich in einem Whiskyfass ertr\u00e4nken, die Feuerwehr wollte ihn retten, doch er leistete heftigen Widerstand. Auf Wunsch der Angeh\u00f6rigen wurde der Leichnam verbrannt, es dauerte drei Tage bis die Feuerwehr das Feuer unter Kontrolle hatte.&#8220;<\/strong><\/p>\n\n\n\n<p style=\"background-color:#ccccff\" class=\"has-background has-text-align-justify\"><strong>Die Kellnerin nimmt die Bestellung auf. Sie fragt: &#8222;Was m\u00f6chten Sie trinken?Wein, Vodka, Cognac, Whikey, Gin\u2026?&#8220; Das BSM: &#8222;Und ein Bier dazu!&#8220;<\/strong><\/p>\n\n\n\n<p style=\"background-color:#ffe045\" class=\"has-background\"><strong>&#8222;Ist da die Beratungsstelle f\u00fcr Alkoholiker?&#8220; &#8222;Hier Alkoholiker-Beratung, haben Sie Sorgen?&#8220; &#8222;Ja, ich w\u00fcsste gerne, f\u00fcr welchen Kasten Bier ich am wenigsten zahlen muss !&#8220;<\/strong><\/p>\n<\/div>\n\n\n\n<div class=\"wp-block-column is-layout-flow wp-block-column-is-layout-flow\">\n<p style=\"background-color:#ffe045\" class=\"has-background has-text-align-justify\"><strong>Kommt eine Gesellschaft ins Restaurant. Die Kellnerin nimmt die Bestellung auf. Ein Gast, der offenbar vorsichtig ist, f\u00fcgt hinzu: &#8222;F\u00fcr mich bitte unbedingt ein sauberes Glas&#8220;. Die Kellnerin bringt das Bestellte und fragt zum Schluss: &#8222;Und wer bekommt das saubere Glas?&#8220;<\/strong><\/p>\n\n\n\n<p style=\"background-color:#ccccff\" class=\"has-background has-text-align-justify\"><strong>Zuviel Alkohol macht jeden Atheisten zum Gl\u00e4ubigen, Nachts um 4 Uhr umarmen die das Klo und beten: &#8222;Oh, mein Gott &#8211; nicht schon wie\u2026 <em>kotzw\u00fcrgg\u00f6belreier<\/em>&#8222;<\/strong><\/p>\n\n\n\n<figure class=\"wp-block-embed-youtube aligncenter wp-block-embed is-type-video is-provider-youtube wp-embed-aspect-4-3 wp-has-aspect-ratio\"><div class=\"wp-block-embed__wrapper\">\n<iframe loading=\"lazy\" title=\"lion seul\" width=\"800\" height=\"600\" src=\"https:\/\/www.youtube.com\/embed\/bNYIH_soi1o?feature=oembed\" frameborder=\"0\" allow=\"accelerometer; autoplay; encrypted-media; gyroscope; picture-in-picture\" allowfullscreen><\/iframe>\n<\/div><\/figure>\n\n\n\n<p style=\"background-color:#ffe045\" class=\"has-background has-text-align-justify\"><strong>Neuen Markt investiert hat, hat sich 18 Monate lang \u00fcber fallende Kurse ge\u00e4rgert und heute noch 90 Euro \u00fcbrig. Wer vor 18 Monaten 1000 Euro in Bier investiert hat, konnte 18 Monate lang jede Woche einen Kasten herrliches Helles von Welt genie\u00dfen und hat heute noch\u2026<br>Leergut f\u00fcr \u00fcber 200 Euro !<\/strong><\/p>\n\n\n\n<p style=\"background-color:#ccccff\" class=\"has-background\"><strong>Polizeikontrolle! Fragt der Wachtmeister: &#8222;Haben sie Restalkohol?&#8220; Sagt der Fahrer: &#8222;Nein, alles ausgetrunken.&#8220;<\/strong><\/p>\n<\/div>\n\n\n\n<div class=\"wp-block-column is-layout-flow wp-block-column-is-layout-flow\">\n<p style=\"background-color:#ccccff\" class=\"has-background has-text-align-justify\"><strong>Ein Skelett betritt die Kneipe und stellt sich an die Theke. &#8222;Bitte, was darf&#8217;s sein?&#8220; &#8222;Ich h\u00e4tte gern ein Grosses Bier, aber mit Wischlappen wenn&#8217;s geht.&#8220;<\/strong><\/p>\n\n\n\n<p style=\"background-color:#ffe045\" class=\"has-background has-text-align-justify\"><strong>Die Streifenbeamten stoppen ein Auto. &#8222;Sie riechen ja vielleicht! Ist das Bier,Herr Professor? Wir m\u00fcssen leider einen Alkoholtest mit Ihnen machen.&#8220; -Prof. Jens: &#8222;Das ist doch prima, in welche Kneipe gehen wir denn?&#8220;<\/strong><\/p>\n\n\n\n<div class=\"wp-block-image\"><figure class=\"aligncenter size-large\"><img loading=\"lazy\" decoding=\"async\" width=\"140\" height=\"104\" src=\"https:\/\/neu.guaccis.ch\/wp-content\/uploads\/2020\/05\/032.gif\" alt=\"\" class=\"wp-image-3841\"\/><\/figure><\/div>\n\n\n\n<p style=\"background-color:#ccccff\" class=\"has-background has-text-align-justify\"><strong>Der gr\u00f6\u00dfte Feind des Menschen wohl, das ist und bleibt der Alkohol. Doch in der Bibel steht geschrieben: Du sollst auch deine Feinde lieben!<\/strong><\/p>\n\n\n\n<p style=\"background-color:#ffe045\" class=\"has-background has-text-align-justify\"><strong>Polizeikontrolle: Polizist: &#8222;Was haben sie denn getrunken?&#8220; Autofahrer:&#8220;Schreib a Kistn Bier, weil Champagner kannst eh ned schreiben!&#8220;<\/strong><\/p>\n<\/div>\n<\/div>\n\n\n\n<hr class=\"wp-block-separator has-text-color has-background has-black-background-color has-black-color is-style-wide\"\/>\n\n\n\n<div class=\"wp-block-columns is-layout-flex wp-container-core-columns-is-layout-3 wp-block-columns-is-layout-flex\">\n<div class=\"wp-block-column is-layout-flow wp-block-column-is-layout-flow\">\n<div class=\"wp-block-image\"><figure class=\"aligncenter size-large\"><img loading=\"lazy\" decoding=\"async\" width=\"120\" height=\"144\" src=\"https:\/\/neu.guaccis.ch\/wp-content\/uploads\/2020\/05\/downbier.gif\" alt=\"\" class=\"wp-image-3827\"\/><\/figure><\/div>\n<\/div>\n\n\n\n<div class=\"wp-block-column is-layout-flow wp-block-column-is-layout-flow\">\n<div class=\"wp-block-image\"><figure class=\"aligncenter size-large\"><img loading=\"lazy\" decoding=\"async\" width=\"120\" height=\"144\" src=\"https:\/\/neu.guaccis.ch\/wp-content\/uploads\/2020\/05\/downbier.gif\" alt=\"\" class=\"wp-image-3827\"\/><\/figure><\/div>\n<\/div>\n\n\n\n<div class=\"wp-block-column is-layout-flow wp-block-column-is-layout-flow\">\n<div class=\"wp-block-image\"><figure class=\"aligncenter size-large\"><img loading=\"lazy\" decoding=\"async\" width=\"120\" height=\"144\" src=\"https:\/\/neu.guaccis.ch\/wp-content\/uploads\/2020\/05\/downbier.gif\" alt=\"\" class=\"wp-image-3827\"\/><\/figure><\/div>\n<\/div>\n\n\n\n<div class=\"wp-block-column is-layout-flow wp-block-column-is-layout-flow\">\n<div class=\"wp-block-image\"><figure class=\"aligncenter size-large\"><img loading=\"lazy\" decoding=\"async\" width=\"120\" height=\"144\" src=\"https:\/\/neu.guaccis.ch\/wp-content\/uploads\/2020\/05\/downbier.gif\" alt=\"\" class=\"wp-image-3827\"\/><\/figure><\/div>\n<\/div>\n\n\n\n<div class=\"wp-block-column is-layout-flow wp-block-column-is-layout-flow\">\n<div class=\"wp-block-image\"><figure class=\"aligncenter size-large\"><img loading=\"lazy\" decoding=\"async\" width=\"120\" height=\"144\" src=\"https:\/\/neu.guaccis.ch\/wp-content\/uploads\/2020\/05\/downbier.gif\" alt=\"\" class=\"wp-image-3827\"\/><\/figure><\/div>\n<\/div>\n\n\n\n<div class=\"wp-block-column is-layout-flow wp-block-column-is-layout-flow\">\n<div class=\"wp-block-image\"><figure class=\"aligncenter size-large\"><img loading=\"lazy\" decoding=\"async\" width=\"120\" height=\"144\" src=\"https:\/\/neu.guaccis.ch\/wp-content\/uploads\/2020\/05\/downbier.gif\" alt=\"\" class=\"wp-image-3827\"\/><\/figure><\/div>\n<\/div>\n<\/div>\n\n\n\n<hr class=\"wp-block-separator has-text-color has-background has-black-background-color has-black-color is-style-wide\"\/>\n\n\n\n<div class=\"wp-block-columns is-layout-flex wp-container-core-columns-is-layout-4 wp-block-columns-is-layout-flex\">\n<div class=\"wp-block-column is-layout-flow wp-block-column-is-layout-flow\">\n<p style=\"background-color:#ccccff\" class=\"has-background\"><strong>Der Geographie-Lehrer in der Schule fragt: &#8222;Wer von Euch kennt die Fahnen anderer L\u00e4nder?&#8220; Meldet sich Dieter und sagt: &#8222;Ich! Der Russe stinkt nach Vodka, der Mexikaner nach Tequila, der Franzose nach Weisswein und der Deutsche nach Bier!&#8220;<\/strong><\/p>\n\n\n\n<div class=\"wp-block-image\"><figure class=\"aligncenter size-large\"><img loading=\"lazy\" decoding=\"async\" width=\"98\" height=\"83\" src=\"https:\/\/neu.guaccis.ch\/wp-content\/uploads\/2020\/05\/091.gif\" alt=\"\" class=\"wp-image-3842\"\/><\/figure><\/div>\n<\/div>\n\n\n\n<div class=\"wp-block-column is-layout-flow wp-block-column-is-layout-flow\">\n<div class=\"wp-block-image\"><figure class=\"aligncenter size-large is-resized\"><img loading=\"lazy\" decoding=\"async\" src=\"https:\/\/neu.guaccis.ch\/wp-content\/uploads\/2020\/05\/11.gif\" alt=\"\" class=\"wp-image-3839\" width=\"247\" height=\"249\"\/><\/figure><\/div>\n<\/div>\n\n\n\n<div class=\"wp-block-column is-layout-flow wp-block-column-is-layout-flow\">\n<p style=\"background-color:#ccccff\" class=\"has-background\"><strong>Ein Vater eines Brauereistudenten in Weihenstephan will seinen Sohn besuchen. Er kommt zu der Adresse, wo er das Geld immer hinschickt. Die T\u00fcr steht offen.Er ruft hinein: &#8222;wohnt hier der Student Meier?&#8220; &#8211; von oben schallt es zur\u00fcck &#8211; &#8222;ja, schon gut, tragen Sie ihn rauf!&#8220;<\/strong><\/p>\n\n\n\n<div class=\"wp-block-image\"><figure class=\"aligncenter size-large\"><img loading=\"lazy\" decoding=\"async\" width=\"98\" height=\"83\" src=\"https:\/\/neu.guaccis.ch\/wp-content\/uploads\/2020\/05\/091.gif\" alt=\"\" class=\"wp-image-3842\"\/><\/figure><\/div>\n<\/div>\n<\/div>\n\n\n\n<p><\/p>\n","protected":false},"excerpt":{"rendered":"<p>Was haben Blondinen und eine Bierflasche gemeinsam? Beide sind am Hals aufw\u00e4rts leer Ich h\u00e4tte lieber Alzheimer als Parkinson. Lieber<\/p>\n","protected":false},"author":1,"featured_media":3813,"parent":0,"menu_order":0,"comment_status":"closed","ping_status":"closed","template":"template-fullwidth.php","meta":{"_editorskit_title_hidden":false,"_editorskit_reading_time":2,"_editorskit_is_block_options_detached":false,"_editorskit_block_options_position":"{}","_uag_custom_page_level_css":"","ngg_post_thumbnail":0,"footnotes":""},"class_list":["post-3812","page","type-page","status-publish","has-post-thumbnail","hentry"],"uagb_featured_image_src":{"full":["https:\/\/neu.guaccis.ch\/wp-content\/uploads\/2020\/05\/spass.jpg",1280,750,false],"thumbnail":["https:\/\/neu.guaccis.ch\/wp-content\/uploads\/2020\/05\/spass-150x150.jpg",150,150,true],"medium":["https:\/\/neu.guaccis.ch\/wp-content\/uploads\/2020\/05\/spass-300x176.jpg",300,176,true],"medium_large":["https:\/\/neu.guaccis.ch\/wp-content\/uploads\/2020\/05\/spass-768x450.jpg",768,450,true],"large":["https:\/\/neu.guaccis.ch\/wp-content\/uploads\/2020\/05\/spass-1024x600.jpg",800,469,true],"1536x1536":["https:\/\/neu.guaccis.ch\/wp-content\/uploads\/2020\/05\/spass.jpg",1280,750,false],"2048x2048":["https:\/\/neu.guaccis.ch\/wp-content\/uploads\/2020\/05\/spass.jpg",1280,750,false],"post-thumbnail":["https:\/\/neu.guaccis.ch\/wp-content\/uploads\/2020\/05\/spass-520x325.jpg",520,325,true],"palm-beach-header-image":["https:\/\/neu.guaccis.ch\/wp-content\/uploads\/2020\/05\/spass-1280x720.jpg",1280,720,true],"palm-beach-thumbnail-small":["https:\/\/neu.guaccis.ch\/wp-content\/uploads\/2020\/05\/spass-280x175.jpg",280,175,true],"palm-beach-thumbnail-large":["https:\/\/neu.guaccis.ch\/wp-content\/uploads\/2020\/05\/spass-600x375.jpg",600,375,true],"themezee-related-posts":["https:\/\/neu.guaccis.ch\/wp-content\/uploads\/2020\/05\/spass-420x260.jpg",420,260,true],"tzwb-thumbnail":["https:\/\/neu.guaccis.ch\/wp-content\/uploads\/2020\/05\/spass-90x70.jpg",90,70,true]},"uagb_author_info":{"display_name":"Guacci's Bar","author_link":"https:\/\/neu.guaccis.ch\/index.php\/author\/guaccis\/"},"uagb_comment_info":0,"uagb_excerpt":"Was haben Blondinen und eine Bierflasche gemeinsam? Beide sind am Hals aufw\u00e4rts leer Ich h\u00e4tte lieber Alzheimer als Parkinson. Lieber","_links":{"self":[{"href":"https:\/\/neu.guaccis.ch\/index.php\/wp-json\/wp\/v2\/pages\/3812","targetHints":{"allow":["GET"]}}],"collection":[{"href":"https:\/\/neu.guaccis.ch\/index.php\/wp-json\/wp\/v2\/pages"}],"about":[{"href":"https:\/\/neu.guaccis.ch\/index.php\/wp-json\/wp\/v2\/types\/page"}],"author":[{"embeddable":true,"href":"https:\/\/neu.guaccis.ch\/index.php\/wp-json\/wp\/v2\/users\/1"}],"replies":[{"embeddable":true,"href":"https:\/\/neu.guaccis.ch\/index.php\/wp-json\/wp\/v2\/comments?post=3812"}],"version-history":[{"count":42,"href":"https:\/\/neu.guaccis.ch\/index.php\/wp-json\/wp\/v2\/pages\/3812\/revisions"}],"predecessor-version":[{"id":5079,"href":"https:\/\/neu.guaccis.ch\/index.php\/wp-json\/wp\/v2\/pages\/3812\/revisions\/5079"}],"wp:featuredmedia":[{"embeddable":true,"href":"https:\/\/neu.guaccis.ch\/index.php\/wp-json\/wp\/v2\/media\/3813"}],"wp:attachment":[{"href":"https:\/\/neu.guaccis.ch\/index.php\/wp-json\/wp\/v2\/media?parent=3812"}],"curies":[{"name":"wp","href":"https:\/\/api.w.org\/{rel}","templated":true}]}}